{"id":1621,"date":"2025-05-04T15:05:45","date_gmt":"2025-05-04T15:05:45","guid":{"rendered":"https:\/\/feuerwehr-barby.de\/?page_id=1621"},"modified":"2025-05-05T18:41:10","modified_gmt":"2025-05-05T18:41:10","slug":"kinderfeuerwehr","status":"publish","type":"page","link":"https:\/\/feuerwehr-barby.de\/index.php\/our-team\/kinderfeuerwehr\/","title":{"rendered":"Kinderfeuerwehr"},"content":{"rendered":"\t\t<div data-elementor-type=\"wp-page\" data-elementor-id=\"1621\" class=\"elementor elementor-1621\">\n\t\t\t\t\t\t<section class=\"elementor-section elementor-top-section elementor-element elementor-element-f40feed elementor-section-boxed elementor-section-height-default elementor-section-height-default\" data-id=\"f40feed\" data-element_type=\"section\" data-e-type=\"section\">\n\t\t\t\t\t\t<div class=\"elementor-container elementor-column-gap-default\">\n\t\t\t\t\t<div class=\"elementor-column elementor-col-100 elementor-top-column elementor-element elementor-element-4fcd861\" data-id=\"4fcd861\" data-element_type=\"column\" data-e-type=\"column\">\n\t\t\t<div class=\"elementor-widget-wrap elementor-element-populated\">\n\t\t\t\t\t\t<div class=\"elementor-element elementor-element-f125f7f elementor-widget elementor-widget-heading\" data-id=\"f125f7f\" data-element_type=\"widget\" data-e-type=\"widget\" data-widget_type=\"heading.default\">\n\t\t\t\t<div class=\"elementor-widget-container\">\n\t\t\t\t\t<h2 class=\"elementor-heading-title elementor-size-default\">Kinderfeuerwehr - L\u00f6schbiber<\/h2>\t\t\t\t<\/div>\n\t\t\t\t<\/div>\n\t\t\t\t\t<\/div>\n\t\t<\/div>\n\t\t\t\t\t<\/div>\n\t\t<\/section>\n\t\t\t\t<section class=\"elementor-section elementor-top-section elementor-element elementor-element-18f684a elementor-section-boxed elementor-section-height-default elementor-section-height-default\" data-id=\"18f684a\" data-element_type=\"section\" data-e-type=\"section\">\n\t\t\t\t\t\t<div class=\"elementor-container elementor-column-gap-default\">\n\t\t\t\t\t<div class=\"elementor-column elementor-col-100 elementor-top-column elementor-element elementor-element-5e56d37\" data-id=\"5e56d37\" data-element_type=\"column\" data-e-type=\"column\">\n\t\t\t<div class=\"elementor-widget-wrap elementor-element-populated\">\n\t\t\t\t\t\t<div class=\"elementor-element elementor-element-6b72b62 elementor-widget elementor-widget-text-editor\" data-id=\"6b72b62\" data-element_type=\"widget\" data-e-type=\"widget\" data-widget_type=\"text-editor.default\">\n\t\t\t\t<div class=\"elementor-widget-container\">\n\t\t\t\t\t\t\t\t\t<h3>Barby L\u00f6schbiber \u2013 Nachwuchsarbeit mit Begeisterung und Teamgeist!<\/h3><p>Die Barby L\u00f6schbiber sind die stolze Kinderfeuerwehr der Ortsfeuerwehr Barby und bieten unseren j\u00fcngsten Mitgliedern die M\u00f6glichkeit, spielerisch und mit viel Spa\u00df die Welt der Feuerwehr kennenzulernen!<\/p><p>Mit regelm\u00e4\u00dfigen Treffen lernen die Kinder nicht nur die Grundlagen der Feuerwehrarbeit, sondern st\u00e4rken auch Teamgeist, Verantwortungsbewusstsein und soziales Miteinander. Spielerische \u00dcbungen, spannende Experimente und kleine Eins\u00e4tze sorgen f\u00fcr jede Menge Begeisterung bei unseren jungen L\u00f6schbibern.Ob Knotenkunde, Erste Hilfe oder der richtige Umgang mit Wasser und Feuer \u2013 bei den Barby L\u00f6schbibern wird Feuerwehrwissen altersgerecht vermittelt, sodass die Kinder mit Freude und Stolz ihre ersten Schritte in die Feuerwehrwelt machen k\u00f6nnen.<\/p><p>Unsere Kinderfeuerwehr ist ein wichtiger Bestandteil der Nachwuchsf\u00f6rderung und hilft dabei, fr\u00fchzeitig das Interesse an der Feuerwehr zu wecken. Denn aus kleinen L\u00f6schbibern werden irgendwann gro\u00dfe Feuerwehrfrauen und -m\u00e4nner, die unsere Stadt sch\u00fctzen!<\/p><p><strong>Ein herzliches Dankesch\u00f6n an alle Betreuer und Unterst\u00fctzer, die mit viel Engagement und Herzblut die Zukunft unserer Feuerwehr sichern.<\/strong><\/p><p><!--EndFragment --><\/p>\t\t\t\t\t\t\t\t<\/div>\n\t\t\t\t<\/div>\n\t\t\t\t\t<\/div>\n\t\t<\/div>\n\t\t\t\t\t<\/div>\n\t\t<\/section>\n\t\t\t\t<section class=\"elementor-section elementor-top-section elementor-element elementor-element-6b6c1ba elementor-section-boxed elementor-section-height-default elementor-section-height-default\" data-id=\"6b6c1ba\" data-element_type=\"section\" data-e-type=\"section\">\n\t\t\t\t\t\t<div class=\"elementor-container elementor-column-gap-default\">\n\t\t\t\t\t<div class=\"elementor-column elementor-col-50 elementor-top-column elementor-element elementor-element-6e5a0f6\" data-id=\"6e5a0f6\" data-element_type=\"column\" data-e-type=\"column\">\n\t\t\t<div class=\"elementor-widget-wrap elementor-element-populated\">\n\t\t\t\t\t\t\t<\/div>\n\t\t<\/div>\n\t\t\t\t<div class=\"elementor-column elementor-col-50 elementor-top-column elementor-element elementor-element-cd9dfa4\" data-id=\"cd9dfa4\" data-element_type=\"column\" data-e-type=\"column\">\n\t\t\t<div class=\"elementor-widget-wrap\">\n\t\t\t\t\t\t\t<\/div>\n\t\t<\/div>\n\t\t\t\t\t<\/div>\n\t\t<\/section>\n\t\t\t\t<\/div>\n\t\t","protected":false},"excerpt":{"rendered":"<p>Kinderfeuerwehr &#8211; L\u00f6schbiber Barby L\u00f6schbiber \u2013 Nachwuchsarbeit mit Begeisterung und Teamgeist! Die Barby L\u00f6schbiber sind die stolze Kinderfeuerwehr der Ortsfeuerwehr Barby und bieten unseren j\u00fcngsten Mitgliedern die M\u00f6glichkeit, spielerisch und mit viel Spa\u00df die Welt der Feuerwehr kennenzulernen! Mit regelm\u00e4\u00dfigen Treffen lernen die Kinder nicht nur die Grundlagen der Feuerwehrarbeit, sondern st\u00e4rken auch Teamgeist, Verantwortungsbewusstsein&#8230;<\/p>\n","protected":false},"author":1,"featured_media":1755,"parent":530,"menu_order":0,"comment_status":"closed","ping_status":"closed","template":"","meta":{"_kad_post_transparent":"","_kad_post_title":"default","_kad_post_layout":"default","_kad_post_sidebar_id":"sidebar-primary","_kad_post_content_style":"unboxed","_kad_post_vertical_padding":"default","_kad_post_feature":"default","_kad_post_feature_position":"","_kad_post_header":false,"_kad_post_footer":false,"footnotes":""},"class_list":["post-1621","page","type-page","status-publish","has-post-thumbnail","hentry"],"_links":{"self":[{"href":"https:\/\/feuerwehr-barby.de\/index.php\/wp-json\/wp\/v2\/pages\/1621","targetHints":{"allow":["GET"]}}],"collection":[{"href":"https:\/\/feuerwehr-barby.de\/index.php\/wp-json\/wp\/v2\/pages"}],"about":[{"href":"https:\/\/feuerwehr-barby.de\/index.php\/wp-json\/wp\/v2\/types\/page"}],"author":[{"embeddable":true,"href":"https:\/\/feuerwehr-barby.de\/index.php\/wp-json\/wp\/v2\/users\/1"}],"replies":[{"embeddable":true,"href":"https:\/\/feuerwehr-barby.de\/index.php\/wp-json\/wp\/v2\/comments?post=1621"}],"version-history":[{"count":44,"href":"https:\/\/feuerwehr-barby.de\/index.php\/wp-json\/wp\/v2\/pages\/1621\/revisions"}],"predecessor-version":[{"id":1758,"href":"https:\/\/feuerwehr-barby.de\/index.php\/wp-json\/wp\/v2\/pages\/1621\/revisions\/1758"}],"up":[{"embeddable":true,"href":"https:\/\/feuerwehr-barby.de\/index.php\/wp-json\/wp\/v2\/pages\/530"}],"wp:featuredmedia":[{"embeddable":true,"href":"https:\/\/feuerwehr-barby.de\/index.php\/wp-json\/wp\/v2\/media\/1755"}],"wp:attachment":[{"href":"https:\/\/feuerwehr-barby.de\/index.php\/wp-json\/wp\/v2\/media?parent=1621"}],"curies":[{"name":"wp","href":"https:\/\/api.w.org\/{rel}","templated":true}]}}