{"id":1704,"date":"2025-05-04T16:46:16","date_gmt":"2025-05-04T16:46:16","guid":{"rendered":"https:\/\/feuerwehr-barby.de\/?page_id=1704"},"modified":"2025-05-05T19:00:42","modified_gmt":"2025-05-05T19:00:42","slug":"alters-und-ehrenabteilung","status":"publish","type":"page","link":"https:\/\/feuerwehr-barby.de\/index.php\/alters-und-ehrenabteilung\/","title":{"rendered":"Alters- und Ehrenabteilung"},"content":{"rendered":"\t\t<div data-elementor-type=\"wp-page\" data-elementor-id=\"1704\" class=\"elementor elementor-1704\">\n\t\t\t\t\t\t<section class=\"elementor-section elementor-top-section elementor-element elementor-element-f736d5e elementor-section-boxed elementor-section-height-default elementor-section-height-default\" data-id=\"f736d5e\" data-element_type=\"section\" data-e-type=\"section\">\n\t\t\t\t\t\t<div class=\"elementor-container elementor-column-gap-default\">\n\t\t\t\t\t<div class=\"elementor-column elementor-col-100 elementor-top-column elementor-element elementor-element-1a6d2a8\" data-id=\"1a6d2a8\" data-element_type=\"column\" data-e-type=\"column\">\n\t\t\t<div class=\"elementor-widget-wrap elementor-element-populated\">\n\t\t\t\t\t\t<div class=\"elementor-element elementor-element-231a28e elementor-widget elementor-widget-spacer\" data-id=\"231a28e\" data-element_type=\"widget\" data-e-type=\"widget\" data-widget_type=\"spacer.default\">\n\t\t\t\t<div class=\"elementor-widget-container\">\n\t\t\t\t\t\t\t<div class=\"elementor-spacer\">\n\t\t\t<div class=\"elementor-spacer-inner\"><\/div>\n\t\t<\/div>\n\t\t\t\t\t\t<\/div>\n\t\t\t\t<\/div>\n\t\t\t\t<div class=\"elementor-element elementor-element-f22e74a elementor-widget elementor-widget-heading\" data-id=\"f22e74a\" data-element_type=\"widget\" data-e-type=\"widget\" data-widget_type=\"heading.default\">\n\t\t\t\t<div class=\"elementor-widget-container\">\n\t\t\t\t\t<h2 class=\"elementor-heading-title elementor-size-default\">Alters- und Ehrenabteilung<\/h2>\t\t\t\t<\/div>\n\t\t\t\t<\/div>\n\t\t\t\t\t<\/div>\n\t\t<\/div>\n\t\t\t\t\t<\/div>\n\t\t<\/section>\n\t\t\t\t<section class=\"elementor-section elementor-top-section elementor-element elementor-element-2561bed elementor-section-boxed elementor-section-height-default elementor-section-height-default\" data-id=\"2561bed\" data-element_type=\"section\" data-e-type=\"section\">\n\t\t\t\t\t\t<div class=\"elementor-container elementor-column-gap-default\">\n\t\t\t\t\t<div class=\"elementor-column elementor-col-100 elementor-top-column elementor-element elementor-element-f424424\" data-id=\"f424424\" data-element_type=\"column\" data-e-type=\"column\">\n\t\t\t<div class=\"elementor-widget-wrap elementor-element-populated\">\n\t\t\t\t\t\t<div class=\"elementor-element elementor-element-b86bb2f elementor-widget elementor-widget-text-editor\" data-id=\"b86bb2f\" data-element_type=\"widget\" data-e-type=\"widget\" data-widget_type=\"text-editor.default\">\n\t\t\t\t<div class=\"elementor-widget-container\">\n\t\t\t\t\t\t\t\t\t<p><!--StartFragment --><\/p><h3><strong>Alters- und Ehrenabteilung der Ortsfeuerwehr Barby \u2013 Erfahrung trifft Tradition<\/strong><\/h3><p>\u00a0<\/p><p>Die Alters- und Ehrenabteilung der Ortsfeuerwehr Barby ist eine feste Gr\u00f6\u00dfe innerhalb unserer Feuerwehrgemeinschaft. Hier engagieren sich ehemalige aktive Feuerwehrkameraden, die sich \u00fcber viele Jahre hinweg f\u00fcr den Schutz und die Sicherheit der Bev\u00f6lkerung eingesetzt haben.<\/p><p>Auch nach dem Ausscheiden aus dem aktiven Dienst bleiben unsere erfahrenen Kameradinnen und Kameraden ein wertvoller Teil der Feuerwehr. Mit ihrem Wissen, ihrer Erfahrung und ihrer Verbundenheit zur Feuerwehr unterst\u00fctzen sie die Ortsfeuerwehr Barby auf vielf\u00e4ltige Weise. Ob als Berater, bei Veranstaltungen oder als gesch\u00e4tzte Mitglieder unserer Gemeinschaft \u2013 ihr Einsatz ist unbezahlbar.<\/p><p>Regelm\u00e4\u00dfige Treffen, kameradschaftlicher Austausch und gemeinsame Aktivit\u00e4ten halten die Verbindung zur Feuerwehr lebendig. Die Alters- und Ehrenabteilung ist nicht nur ein Zeichen des Respekts vor der Lebensleistung dieser Feuerwehrleute, sondern auch eine Br\u00fccke zwischen Tradition und Zukunft.<\/p><p><strong>Ein gro\u00dfes Dankesch\u00f6n an alle Mitglieder dieser Abteilung f\u00fcr ihre jahrzehntelange Treue und ihr Engagement! Ohne euch w\u00e4re die Feuerwehr nicht das, was sie heute ist.<\/strong>\u00a0<!--EndFragment --><\/p>\t\t\t\t\t\t\t\t<\/div>\n\t\t\t\t<\/div>\n\t\t\t\t\t<\/div>\n\t\t<\/div>\n\t\t\t\t\t<\/div>\n\t\t<\/section>\n\t\t\t\t<section class=\"elementor-section elementor-top-section elementor-element elementor-element-cd599e8 elementor-section-boxed elementor-section-height-default elementor-section-height-default\" data-id=\"cd599e8\" data-element_type=\"section\" data-e-type=\"section\">\n\t\t\t\t\t\t<div class=\"elementor-container elementor-column-gap-default\">\n\t\t\t\t\t<div class=\"elementor-column elementor-col-50 elementor-top-column elementor-element elementor-element-8290a9e\" data-id=\"8290a9e\" data-element_type=\"column\" data-e-type=\"column\">\n\t\t\t<div class=\"elementor-widget-wrap\">\n\t\t\t\t\t\t\t<\/div>\n\t\t<\/div>\n\t\t\t\t<div class=\"elementor-column elementor-col-50 elementor-top-column elementor-element elementor-element-fcad412\" data-id=\"fcad412\" data-element_type=\"column\" data-e-type=\"column\">\n\t\t\t<div class=\"elementor-widget-wrap\">\n\t\t\t\t\t\t\t<\/div>\n\t\t<\/div>\n\t\t\t\t\t<\/div>\n\t\t<\/section>\n\t\t\t\t<\/div>\n\t\t","protected":false},"excerpt":{"rendered":"<p>Alters- und Ehrenabteilung Alters- und Ehrenabteilung der Ortsfeuerwehr Barby \u2013 Erfahrung trifft Tradition \u00a0 Die Alters- und Ehrenabteilung der Ortsfeuerwehr Barby ist eine feste Gr\u00f6\u00dfe innerhalb unserer Feuerwehrgemeinschaft. Hier engagieren sich ehemalige aktive Feuerwehrkameraden, die sich \u00fcber viele Jahre hinweg f\u00fcr den Schutz und die Sicherheit der Bev\u00f6lkerung eingesetzt haben. Auch nach dem Ausscheiden aus&#8230;<\/p>\n","protected":false},"author":1,"featured_media":1706,"parent":0,"menu_order":0,"comment_status":"closed","ping_status":"closed","template":"","meta":{"_kad_post_transparent":"disable","_kad_post_title":"default","_kad_post_layout":"default","_kad_post_sidebar_id":"","_kad_post_content_style":"unboxed","_kad_post_vertical_padding":"hide","_kad_post_feature":"hide","_kad_post_feature_position":"","_kad_post_header":false,"_kad_post_footer":false,"footnotes":""},"class_list":["post-1704","page","type-page","status-publish","has-post-thumbnail","hentry"],"_links":{"self":[{"href":"https:\/\/feuerwehr-barby.de\/index.php\/wp-json\/wp\/v2\/pages\/1704","targetHints":{"allow":["GET"]}}],"collection":[{"href":"https:\/\/feuerwehr-barby.de\/index.php\/wp-json\/wp\/v2\/pages"}],"about":[{"href":"https:\/\/feuerwehr-barby.de\/index.php\/wp-json\/wp\/v2\/types\/page"}],"author":[{"embeddable":true,"href":"https:\/\/feuerwehr-barby.de\/index.php\/wp-json\/wp\/v2\/users\/1"}],"replies":[{"embeddable":true,"href":"https:\/\/feuerwehr-barby.de\/index.php\/wp-json\/wp\/v2\/comments?post=1704"}],"version-history":[{"count":10,"href":"https:\/\/feuerwehr-barby.de\/index.php\/wp-json\/wp\/v2\/pages\/1704\/revisions"}],"predecessor-version":[{"id":1765,"href":"https:\/\/feuerwehr-barby.de\/index.php\/wp-json\/wp\/v2\/pages\/1704\/revisions\/1765"}],"wp:featuredmedia":[{"embeddable":true,"href":"https:\/\/feuerwehr-barby.de\/index.php\/wp-json\/wp\/v2\/media\/1706"}],"wp:attachment":[{"href":"https:\/\/feuerwehr-barby.de\/index.php\/wp-json\/wp\/v2\/media?parent=1704"}],"curies":[{"name":"wp","href":"https:\/\/api.w.org\/{rel}","templated":true}]}}