{"id":1717,"date":"2025-05-04T16:55:09","date_gmt":"2025-05-04T16:55:09","guid":{"rendered":"https:\/\/feuerwehr-barby.de\/?page_id=1717"},"modified":"2025-05-05T19:05:21","modified_gmt":"2025-05-05T19:05:21","slug":"einsatzabteilung","status":"publish","type":"page","link":"https:\/\/feuerwehr-barby.de\/index.php\/einsatzabteilung\/","title":{"rendered":"Einsatzabteilung"},"content":{"rendered":"\t\t<div data-elementor-type=\"wp-page\" data-elementor-id=\"1717\" class=\"elementor elementor-1717\">\n\t\t\t\t\t\t<section class=\"elementor-section elementor-top-section elementor-element elementor-element-4cea071 elementor-section-boxed elementor-section-height-default elementor-section-height-default\" data-id=\"4cea071\" data-element_type=\"section\" data-e-type=\"section\">\n\t\t\t\t\t\t<div class=\"elementor-container elementor-column-gap-default\">\n\t\t\t\t\t<div class=\"elementor-column elementor-col-100 elementor-top-column elementor-element elementor-element-a73fe0c\" data-id=\"a73fe0c\" data-element_type=\"column\" data-e-type=\"column\">\n\t\t\t<div class=\"elementor-widget-wrap elementor-element-populated\">\n\t\t\t\t\t\t<div class=\"elementor-element elementor-element-9c9f027 elementor-widget elementor-widget-spacer\" data-id=\"9c9f027\" data-element_type=\"widget\" data-e-type=\"widget\" data-widget_type=\"spacer.default\">\n\t\t\t\t<div class=\"elementor-widget-container\">\n\t\t\t\t\t\t\t<div class=\"elementor-spacer\">\n\t\t\t<div class=\"elementor-spacer-inner\"><\/div>\n\t\t<\/div>\n\t\t\t\t\t\t<\/div>\n\t\t\t\t<\/div>\n\t\t\t\t<div class=\"elementor-element elementor-element-daf6b26 elementor-widget elementor-widget-heading\" data-id=\"daf6b26\" data-element_type=\"widget\" data-e-type=\"widget\" data-widget_type=\"heading.default\">\n\t\t\t\t<div class=\"elementor-widget-container\">\n\t\t\t\t\t<h2 class=\"elementor-heading-title elementor-size-default\">Einsatzabteilung<\/h2>\t\t\t\t<\/div>\n\t\t\t\t<\/div>\n\t\t\t\t\t<\/div>\n\t\t<\/div>\n\t\t\t\t\t<\/div>\n\t\t<\/section>\n\t\t\t\t<section class=\"elementor-section elementor-top-section elementor-element elementor-element-223b3f6 elementor-section-boxed elementor-section-height-default elementor-section-height-default\" data-id=\"223b3f6\" data-element_type=\"section\" data-e-type=\"section\">\n\t\t\t\t\t\t<div class=\"elementor-container elementor-column-gap-default\">\n\t\t\t\t\t<div class=\"elementor-column elementor-col-100 elementor-top-column elementor-element elementor-element-83cb2ef\" data-id=\"83cb2ef\" data-element_type=\"column\" data-e-type=\"column\">\n\t\t\t<div class=\"elementor-widget-wrap elementor-element-populated\">\n\t\t\t\t\t\t<div class=\"elementor-element elementor-element-0dd8058 elementor-widget elementor-widget-text-editor\" data-id=\"0dd8058\" data-element_type=\"widget\" data-e-type=\"widget\" data-widget_type=\"text-editor.default\">\n\t\t\t\t<div class=\"elementor-widget-container\">\n\t\t\t\t\t\t\t\t\t<h3><strong>Die Einsatzabteilung der Ortsfeuerwehr Barby \u2013 Stets bereit f\u00fcr den Ernstfall<\/strong><\/h3><div><strong><br><\/strong><\/div>\n<p>Die Einsatzabteilung der Ortsfeuerwehr Barby bildet das Herzst\u00fcck unserer Feuerwehr und ist rund um die Uhr einsatzbereit, um in Notlagen schnell und effektiv zu helfen. Mit ihrem ehrenamtlichen Engagement stehen unsere Feuerwehrfrauen und -m\u00e4nner jederzeit bereit, um die Sicherheit der Bev\u00f6lkerung zu gew\u00e4hrleisten.<\/p>\n<p>Unsere Einsatzkr\u00e4fte sind umfassend ausgebildet und regelm\u00e4\u00dfig im Training, um auf verschiedenste Herausforderungen vorbereitet zu sein. Dazu geh\u00f6ren:<br>\u2705 <strong>Brandeins\u00e4tze<\/strong> \u2013 Vom Wohnungsbrand bis hin zu gro\u00dfen Fl\u00e4chen- oder Industriebr\u00e4nden.<br>\u2705 <strong>Technische Hilfeleistungen<\/strong> \u2013 Unterst\u00fctzung bei Verkehrsunf\u00e4llen, Sturm- und Wassersch\u00e4den.<br>\u2705 <strong>Gefahrstoffeins\u00e4tze<\/strong> \u2013 Umgang mit gef\u00e4hrlichen Substanzen und Schutz der Umwelt.<br>\u2705 <strong>Rettungsma\u00dfnahmen<\/strong> \u2013 Erstversorgung und Unterst\u00fctzung des Rettungsdienstes.<\/p>\n<p>Unsere Einsatzabteilung besteht aus motivierten und engagierten Kameradinnen und Kameraden, die mit modernster Technik ausgestattet sind und sich regelm\u00e4\u00dfig fortbilden, um stets auf dem neuesten Stand zu bleiben. Neben den Eins\u00e4tzen spielt auch der Teamgeist eine gro\u00dfe Rolle \u2013 denn nur gemeinsam k\u00f6nnen wir effektiv helfen und Herausforderungen meistern!<\/p>\n<p><strong>Ein gro\u00dfes Dankesch\u00f6n an alle Einsatzkr\u00e4fte, die mit ihrem unerm\u00fcdlichen Einsatz einen wichtigen Beitrag zur Sicherheit und zum Schutz unserer Gemeinschaft leisten!<\/strong><\/p>\n<p><!--EndFragment --><\/p>\t\t\t\t\t\t\t\t<\/div>\n\t\t\t\t<\/div>\n\t\t\t\t\t<\/div>\n\t\t<\/div>\n\t\t\t\t\t<\/div>\n\t\t<\/section>\n\t\t\t\t<section class=\"elementor-section elementor-top-section elementor-element elementor-element-5263c0c elementor-section-boxed elementor-section-height-default elementor-section-height-default\" data-id=\"5263c0c\" data-element_type=\"section\" data-e-type=\"section\">\n\t\t\t\t\t\t<div class=\"elementor-container elementor-column-gap-default\">\n\t\t\t\t\t<div class=\"elementor-column elementor-col-50 elementor-top-column elementor-element elementor-element-60965c6\" data-id=\"60965c6\" data-element_type=\"column\" data-e-type=\"column\">\n\t\t\t<div class=\"elementor-widget-wrap\">\n\t\t\t\t\t\t\t<\/div>\n\t\t<\/div>\n\t\t\t\t<div class=\"elementor-column elementor-col-50 elementor-top-column elementor-element elementor-element-3b92ed4\" data-id=\"3b92ed4\" data-element_type=\"column\" data-e-type=\"column\">\n\t\t\t<div class=\"elementor-widget-wrap\">\n\t\t\t\t\t\t\t<\/div>\n\t\t<\/div>\n\t\t\t\t\t<\/div>\n\t\t<\/section>\n\t\t\t\t<\/div>\n\t\t","protected":false},"excerpt":{"rendered":"<p>Einsatzabteilung Die Einsatzabteilung der Ortsfeuerwehr Barby \u2013 Stets bereit f\u00fcr den Ernstfall Die Einsatzabteilung der Ortsfeuerwehr Barby bildet das Herzst\u00fcck unserer Feuerwehr und ist rund um die Uhr einsatzbereit, um in Notlagen schnell und effektiv zu helfen. Mit ihrem ehrenamtlichen Engagement stehen unsere Feuerwehrfrauen und -m\u00e4nner jederzeit bereit, um die Sicherheit der Bev\u00f6lkerung zu gew\u00e4hrleisten&#8230;.<\/p>\n","protected":false},"author":1,"featured_media":1719,"parent":0,"menu_order":0,"comment_status":"closed","ping_status":"closed","template":"","meta":{"_kad_post_transparent":"disable","_kad_post_title":"default","_kad_post_layout":"default","_kad_post_sidebar_id":"","_kad_post_content_style":"unboxed","_kad_post_vertical_padding":"hide","_kad_post_feature":"hide","_kad_post_feature_position":"","_kad_post_header":false,"_kad_post_footer":false,"footnotes":""},"class_list":["post-1717","page","type-page","status-publish","has-post-thumbnail","hentry"],"_links":{"self":[{"href":"https:\/\/feuerwehr-barby.de\/index.php\/wp-json\/wp\/v2\/pages\/1717","targetHints":{"allow":["GET"]}}],"collection":[{"href":"https:\/\/feuerwehr-barby.de\/index.php\/wp-json\/wp\/v2\/pages"}],"about":[{"href":"https:\/\/feuerwehr-barby.de\/index.php\/wp-json\/wp\/v2\/types\/page"}],"author":[{"embeddable":true,"href":"https:\/\/feuerwehr-barby.de\/index.php\/wp-json\/wp\/v2\/users\/1"}],"replies":[{"embeddable":true,"href":"https:\/\/feuerwehr-barby.de\/index.php\/wp-json\/wp\/v2\/comments?post=1717"}],"version-history":[{"count":14,"href":"https:\/\/feuerwehr-barby.de\/index.php\/wp-json\/wp\/v2\/pages\/1717\/revisions"}],"predecessor-version":[{"id":1772,"href":"https:\/\/feuerwehr-barby.de\/index.php\/wp-json\/wp\/v2\/pages\/1717\/revisions\/1772"}],"wp:featuredmedia":[{"embeddable":true,"href":"https:\/\/feuerwehr-barby.de\/index.php\/wp-json\/wp\/v2\/media\/1719"}],"wp:attachment":[{"href":"https:\/\/feuerwehr-barby.de\/index.php\/wp-json\/wp\/v2\/media?parent=1717"}],"curies":[{"name":"wp","href":"https:\/\/api.w.org\/{rel}","templated":true}]}}